{"id":940,"date":"2024-04-12T06:28:22","date_gmt":"2024-04-12T05:28:22","guid":{"rendered":"https:\/\/www.bengangmachinery.com\/projects\/"},"modified":"2024-06-10T13:59:36","modified_gmt":"2024-06-10T12:59:36","slug":"product","status":"publish","type":"page","link":"https:\/\/www.bengangmachinery.com\/de\/product\/","title":{"rendered":"Produkt"},"content":{"rendered":"<div data-elementor-type=\"wp-page\" data-elementor-id=\"940\" class=\"elementor elementor-940\" data-elementor-settings=\"{&quot;ha_cmc_init_switcher&quot;:&quot;no&quot;}\" data-elementor-post-type=\"page\">\n\t\t\t\t<div class=\"elementor-element elementor-element-9d0ebbf e-flex e-con-boxed e-con e-parent\" data-id=\"9d0ebbf\" data-element_type=\"container\" data-e-type=\"container\" data-settings=\"{&quot;background_background&quot;:&quot;classic&quot;,&quot;_ha_eqh_enable&quot;:false}\">\n\t\t\t\t\t<div class=\"e-con-inner\">\n\t\t<div class=\"elementor-element elementor-element-25f0edd e-con-full e-flex e-con e-child\" data-id=\"25f0edd\" data-element_type=\"container\" data-e-type=\"container\" data-settings=\"{&quot;_ha_eqh_enable&quot;:false}\">\n\t\t\t\t<div class=\"elementor-element elementor-element-606f93b elementor-widget elementor-widget-heading\" data-id=\"606f93b\" data-element_type=\"widget\" data-e-type=\"widget\" data-widget_type=\"heading.default\">\n\t\t\t\t<div class=\"elementor-widget-container\">\n\t\t\t\t\t<h1 class=\"elementor-heading-title elementor-size-default\">Produkt<\/h1>\t\t\t\t<\/div>\n\t\t\t\t<\/div>\n\t\t\t\t<\/div>\n\t\t\t\t\t<\/div>\n\t\t\t\t<\/div>\n\t\t<div class=\"elementor-element elementor-element-29a7df9 e-flex e-con-boxed e-con e-parent\" data-id=\"29a7df9\" data-element_type=\"container\" data-e-type=\"container\" data-settings=\"{&quot;background_background&quot;:&quot;classic&quot;,&quot;_ha_eqh_enable&quot;:false}\">\n\t\t\t\t\t<div class=\"e-con-inner\">\n\t\t<div class=\"elementor-element elementor-element-b1d9b17 e-flex e-con-boxed e-con e-child\" data-id=\"b1d9b17\" data-element_type=\"container\" data-e-type=\"container\" data-settings=\"{&quot;_ha_eqh_enable&quot;:false}\">\n\t\t\t\t\t<div class=\"e-con-inner\">\n\t\t\t\t<div class=\"elementor-element elementor-element-7d7e27c elementor-widget elementor-widget-heading\" data-id=\"7d7e27c\" data-element_type=\"widget\" data-e-type=\"widget\" data-widget_type=\"heading.default\">\n\t\t\t\t<div class=\"elementor-widget-container\">\n\t\t\t\t\t<h6 class=\"elementor-heading-title elementor-size-default\">Unsere Projekte<\/h6>\t\t\t\t<\/div>\n\t\t\t\t<\/div>\n\t\t\t\t<div class=\"elementor-element elementor-element-ba39b0e elementor-widget elementor-widget-heading\" data-id=\"ba39b0e\" data-element_type=\"widget\" data-e-type=\"widget\" data-widget_type=\"heading.default\">\n\t\t\t\t<div class=\"elementor-widget-container\">\n\t\t\t\t\t<h2 class=\"elementor-heading-title elementor-size-default\">Inspiration f\u00fcr Ihr n\u00e4chstes Projekt<\/h2>\t\t\t\t<\/div>\n\t\t\t\t<\/div>\n\t\t<div class=\"elementor-element elementor-element-a87b603 e-flex e-con-boxed e-con e-child\" data-id=\"a87b603\" data-element_type=\"container\" data-e-type=\"container\" data-settings=\"{&quot;_ha_eqh_enable&quot;:false}\">\n\t\t\t\t\t<div class=\"e-con-inner\">\n\t\t\t\t<div class=\"elementor-element elementor-element-7f17bfa elementor-widget__width-initial elementor-widget-tablet__width-initial elementor-widget-mobile__width-inherit elementor-position-top elementor-widget elementor-widget-image-box\" data-id=\"7f17bfa\" data-element_type=\"widget\" data-e-type=\"widget\" data-widget_type=\"image-box.default\">\n\t\t\t\t<div class=\"elementor-widget-container\">\n\t\t\t\t\t<div class=\"elementor-image-box-wrapper\"><figure class=\"elementor-image-box-img\"><a href=\"https:\/\/www.bengangmachinery.com\/de\/sealing-machine\/\" tabindex=\"-1\"><img fetchpriority=\"high\" decoding=\"async\" width=\"1280\" height=\"900\" src=\"https:\/\/www.bengangmachinery.com\/wp-content\/uploads\/2024\/05\/heating-tube-filling-and-sealing-machine.jpg\" class=\"attachment-full size-full wp-image-5297\" alt=\"Heizrohr-F\u00fcll- und Verschlie\u00dfmaschine\" srcset=\"https:\/\/www.bengangmachinery.com\/wp-content\/uploads\/2024\/05\/heating-tube-filling-and-sealing-machine.jpg 1280w, https:\/\/www.bengangmachinery.com\/wp-content\/uploads\/2024\/05\/heating-tube-filling-and-sealing-machine-300x211.jpg 300w, https:\/\/www.bengangmachinery.com\/wp-content\/uploads\/2024\/05\/heating-tube-filling-and-sealing-machine-1024x720.jpg 1024w, https:\/\/www.bengangmachinery.com\/wp-content\/uploads\/2024\/05\/heating-tube-filling-and-sealing-machine-768x540.jpg 768w, https:\/\/www.bengangmachinery.com\/wp-content\/uploads\/2024\/05\/heating-tube-filling-and-sealing-machine-18x12.jpg 18w\" sizes=\"(max-width: 1280px) 100vw, 1280px\" \/><\/a><\/figure><div class=\"elementor-image-box-content\"><h5 class=\"elementor-image-box-title\"><a href=\"https:\/\/www.bengangmachinery.com\/de\/sealing-machine\/\">Versiegelungsmaschine<\/a><\/h5><p class=\"elementor-image-box-description\">Eine Versiegelungsmaschine ist ein Ger\u00e4t zum Versiegeln eines Produkts, um dessen Integrit\u00e4t sicherzustellen und den Inhalt zu sch\u00fctzen. Sie wird h\u00e4ufig in der Lebensmittel-, Getr\u00e4nke-, Pharma-, Chemie- und anderen Branchen eingesetzt. Versiegelungsmaschinen k\u00f6nnen normalerweise eine Vielzahl von Materialien verarbeiten, wie z. B. Kunststoff, Metall, Glas usw. Je nach Versiegelungsmethode k\u00f6nnen Versiegelungsmaschinen in verschiedene Typen eingeteilt werden, z. B. Hei\u00dfsiegelung, Kaltsiegelung und elektromagnetische Versiegelung. Sie k\u00f6nnen manuell oder automatisiert betrieben werden, um unterschiedlichen Produktionsanforderungen gerecht zu werden.<\/p><\/div><\/div>\t\t\t\t<\/div>\n\t\t\t\t<\/div>\n\t\t\t\t<div class=\"elementor-element elementor-element-42059fa elementor-widget__width-initial elementor-widget-tablet__width-initial elementor-widget-mobile__width-inherit elementor-position-top elementor-widget elementor-widget-image-box\" data-id=\"42059fa\" data-element_type=\"widget\" data-e-type=\"widget\" data-widget_type=\"image-box.default\">\n\t\t\t\t<div class=\"elementor-widget-container\">\n\t\t\t\t\t<div class=\"elementor-image-box-wrapper\"><figure class=\"elementor-image-box-img\"><a href=\"https:\/\/www.bengangmachinery.com\/de\/filling-machine\/\" tabindex=\"-1\"><img decoding=\"async\" width=\"1280\" height=\"900\" src=\"https:\/\/www.bengangmachinery.com\/wp-content\/uploads\/2024\/05\/high-speed-liquid-filling-machine.jpg\" class=\"attachment-full size-full wp-image-5300\" alt=\"Hochgeschwindigkeits-Fl\u00fcssigkeitsabf\u00fcllmaschine\" srcset=\"https:\/\/www.bengangmachinery.com\/wp-content\/uploads\/2024\/05\/high-speed-liquid-filling-machine.jpg 1280w, https:\/\/www.bengangmachinery.com\/wp-content\/uploads\/2024\/05\/high-speed-liquid-filling-machine-300x211.jpg 300w, https:\/\/www.bengangmachinery.com\/wp-content\/uploads\/2024\/05\/high-speed-liquid-filling-machine-1024x720.jpg 1024w, https:\/\/www.bengangmachinery.com\/wp-content\/uploads\/2024\/05\/high-speed-liquid-filling-machine-768x540.jpg 768w, https:\/\/www.bengangmachinery.com\/wp-content\/uploads\/2024\/05\/high-speed-liquid-filling-machine-18x12.jpg 18w\" sizes=\"(max-width: 1280px) 100vw, 1280px\" \/><\/a><\/figure><div class=\"elementor-image-box-content\"><h5 class=\"elementor-image-box-title\"><a href=\"https:\/\/www.bengangmachinery.com\/de\/filling-machine\/\">Abf\u00fcllmaschine<\/a><\/h5><p class=\"elementor-image-box-description\">Eine Abf\u00fcllmaschine ist ein Ger\u00e4t zum Abf\u00fcllen von Fl\u00fcssigkeiten, Pulvern oder Granulaten in Beh\u00e4lter. Sie ist in der Produktion von Arzneimitteln, Lebensmitteln, Getr\u00e4nken und Kosmetika von entscheidender Bedeutung. Abf\u00fcllmaschinen erm\u00f6glichen eine pr\u00e4zise Kontrolle des F\u00fcllvolumens, um die Produktkonsistenz und -qualit\u00e4t sicherzustellen. Je nach Produktart und Produktionsanforderungen sind Abf\u00fcllmaschinen in verschiedenen Ausf\u00fchrungen erh\u00e4ltlich, beispielsweise als Schwerkraftabf\u00fcllung, Pumpenabf\u00fcllung und Druckabf\u00fcllung.<\/p><\/div><\/div>\t\t\t\t<\/div>\n\t\t\t\t<\/div>\n\t\t\t\t<div class=\"elementor-element elementor-element-38bdce2 elementor-widget__width-initial elementor-widget-tablet__width-initial elementor-widget-mobile__width-inherit elementor-position-top elementor-widget elementor-widget-image-box\" data-id=\"38bdce2\" data-element_type=\"widget\" data-e-type=\"widget\" data-widget_type=\"image-box.default\">\n\t\t\t\t<div class=\"elementor-widget-container\">\n\t\t\t\t\t<div class=\"elementor-image-box-wrapper\"><figure class=\"elementor-image-box-img\"><a href=\"https:\/\/www.bengangmachinery.com\/de\/labeling-machine\/\" tabindex=\"-1\"><img decoding=\"async\" src=\"https:\/\/www.bengangmachinery.com\/wp-content\/uploads\/elementor\/thumbs\/premade-pouch-production-line-qq6qpiy4oxea7d0zx83z2g1ucggoyt0b327gi7uhig.jpg\" title=\"Produktionslinie f\u00fcr vorgefertigte Beutel\" alt=\"Produktionslinie f\u00fcr vorgefertigte Beutel\" loading=\"lazy\" \/><\/a><\/figure><div class=\"elementor-image-box-content\"><h5 class=\"elementor-image-box-title\"><a href=\"https:\/\/www.bengangmachinery.com\/de\/labeling-machine\/\">Beschriftungsmaschine<\/a><\/h5><p class=\"elementor-image-box-description\">Etikettiermaschinen werden verwendet, um Etiketten pr\u00e4zise an Produkten oder Verpackungen anzubringen. Sie sind in der Lebensmittel-, Getr\u00e4nke-, Pharma-, Kosmetik- und anderen Branchen sehr verbreitet. Etikettiermaschinen k\u00f6nnen das Aufnehmen, Positionieren und Anbringen von Etiketten automatisch durchf\u00fchren, um pr\u00e4zise und sch\u00f6ne Etiketten zu gew\u00e4hrleisten. Je nach Form und Gr\u00f6\u00dfe der Etiketten gibt es verschiedene Arten von Etikettiermaschinen, z. B. Flachetikettierer, Zylinderetikettierer und automatische Etikettiermaschinen.<\/p><\/div><\/div>\t\t\t\t<\/div>\n\t\t\t\t<\/div>\n\t\t\t\t<div class=\"elementor-element elementor-element-eb45ba6 elementor-widget__width-initial elementor-widget-tablet__width-initial elementor-widget-mobile__width-inherit elementor-position-top elementor-widget elementor-widget-image-box\" data-id=\"eb45ba6\" data-element_type=\"widget\" data-e-type=\"widget\" data-widget_type=\"image-box.default\">\n\t\t\t\t<div class=\"elementor-widget-container\">\n\t\t\t\t\t<div class=\"elementor-image-box-wrapper\"><figure class=\"elementor-image-box-img\"><a href=\"https:\/\/www.bengangmachinery.com\/de\/capping-machine\/\" tabindex=\"-1\"><img decoding=\"async\" src=\"https:\/\/www.bengangmachinery.com\/wp-content\/uploads\/elementor\/thumbs\/automatic-capping-machine-screw-capper-qoiltqckid63tn4881rzs9snz82ocjb1woz8vs0xt4.jpg\" title=\"automatische Verschlie\u00dfmaschine mit Schraubverschluss\" alt=\"automatische Verschlie\u00dfmaschine mit Schraubverschluss\" loading=\"lazy\" \/><\/a><\/figure><div class=\"elementor-image-box-content\"><h5 class=\"elementor-image-box-title\"><a href=\"https:\/\/www.bengangmachinery.com\/de\/capping-machine\/\">Verschlie\u00dfmaschine<\/a><\/h5><p class=\"elementor-image-box-description\">Mit einer Verschlussmaschine werden Flaschenverschl\u00fcsse oder Deckel auf Beh\u00e4ltern versiegelt. Sie ist in der Getr\u00e4nke-, Pharma-, Kosmetik- und anderen Branchen sehr wichtig. Verschlussmaschinen k\u00f6nnen verschiedene Verschlussarten verarbeiten, wie Schraubverschl\u00fcsse, Pressverschl\u00fcsse, Verschlusskappen usw. Verschlussmaschinen k\u00f6nnen manuell oder automatisch betrieben werden, um unterschiedlichen Geschwindigkeiten und Produktionsmengen der Produktionslinie gerecht zu werden.<\/p><\/div><\/div>\t\t\t\t<\/div>\n\t\t\t\t<\/div>\n\t\t\t\t<div class=\"elementor-element elementor-element-ba967ab elementor-widget__width-initial elementor-widget-tablet__width-initial elementor-widget-mobile__width-inherit elementor-position-top elementor-widget elementor-widget-image-box\" data-id=\"ba967ab\" data-element_type=\"widget\" data-e-type=\"widget\" data-widget_type=\"image-box.default\">\n\t\t\t\t<div class=\"elementor-widget-container\">\n\t\t\t\t\t<div class=\"elementor-image-box-wrapper\"><figure class=\"elementor-image-box-img\"><a href=\"https:\/\/www.bengangmachinery.com\/de\/packing-machine\/\" tabindex=\"-1\"><img decoding=\"async\" width=\"1280\" height=\"900\" src=\"https:\/\/www.bengangmachinery.com\/wp-content\/uploads\/2024\/05\/doypack-packing-machine1.jpg\" class=\"attachment-full size-full wp-image-5299\" alt=\"Doypack-Verpackungsmaschine\" srcset=\"https:\/\/www.bengangmachinery.com\/wp-content\/uploads\/2024\/05\/doypack-packing-machine1.jpg 1280w, https:\/\/www.bengangmachinery.com\/wp-content\/uploads\/2024\/05\/doypack-packing-machine1-300x211.jpg 300w, https:\/\/www.bengangmachinery.com\/wp-content\/uploads\/2024\/05\/doypack-packing-machine1-1024x720.jpg 1024w, https:\/\/www.bengangmachinery.com\/wp-content\/uploads\/2024\/05\/doypack-packing-machine1-768x540.jpg 768w, https:\/\/www.bengangmachinery.com\/wp-content\/uploads\/2024\/05\/doypack-packing-machine1-18x12.jpg 18w\" sizes=\"(max-width: 1280px) 100vw, 1280px\" \/><\/a><\/figure><div class=\"elementor-image-box-content\"><h5 class=\"elementor-image-box-title\"><a href=\"https:\/\/www.bengangmachinery.com\/de\/packing-machine\/\">Packmaschine<\/a><\/h5><p class=\"elementor-image-box-description\">Verpackungsmaschinen werden zum Verpacken von Produkten f\u00fcr Transport, Lagerung und Verkauf verwendet. Sie k\u00f6nnen eine Vielzahl von Verpackungsmaterialien wie Kartons, Plastikt\u00fcten, Schaumstoffe usw. verarbeiten. Verpackungsmaschinen k\u00f6nnen den Vorgang des \u00d6ffnens, Bef\u00fcllens, Versiegelns und Etikettierens automatisch durchf\u00fchren, was die Produktionseffizienz erheblich verbessert. Dar\u00fcber hinaus kann die Verpackungsmaschine entsprechend den Produkteigenschaften und Verpackungsanforderungen angepasst werden, um den Anforderungen bestimmter Branchen gerecht zu werden.<\/p><\/div><\/div>\t\t\t\t<\/div>\n\t\t\t\t<\/div>\n\t\t\t\t<div class=\"elementor-element elementor-element-4af158b elementor-widget__width-initial elementor-widget-tablet__width-initial elementor-widget-mobile__width-inherit elementor-position-top elementor-widget elementor-widget-image-box\" data-id=\"4af158b\" data-element_type=\"widget\" data-e-type=\"widget\" data-widget_type=\"image-box.default\">\n\t\t\t\t<div class=\"elementor-widget-container\">\n\t\t\t\t\t<div class=\"elementor-image-box-wrapper\"><figure class=\"elementor-image-box-img\"><a href=\"https:\/\/www.bengangmachinery.com\/de\/pharmaceutical-machine\/\" tabindex=\"-1\"><img loading=\"lazy\" decoding=\"async\" width=\"1024\" height=\"768\" src=\"https:\/\/www.bengangmachinery.com\/wp-content\/uploads\/2024\/04\/4-side-seal-packaging-machine.avif\" class=\"attachment-full size-full wp-image-2354\" alt=\"4-Seiten-Siegel-Verpackungsmaschine in China\" srcset=\"https:\/\/www.bengangmachinery.com\/wp-content\/uploads\/2024\/04\/4-side-seal-packaging-machine.avif 1024w, https:\/\/www.bengangmachinery.com\/wp-content\/uploads\/2024\/04\/4-side-seal-packaging-machine-300x225.avif 300w, https:\/\/www.bengangmachinery.com\/wp-content\/uploads\/2024\/04\/4-side-seal-packaging-machine-768x576.avif 768w, https:\/\/www.bengangmachinery.com\/wp-content\/uploads\/2024\/04\/4-side-seal-packaging-machine-16x12.avif 16w\" sizes=\"(max-width: 1024px) 100vw, 1024px\" \/><\/a><\/figure><div class=\"elementor-image-box-content\"><h5 class=\"elementor-image-box-title\"><a href=\"https:\/\/www.bengangmachinery.com\/de\/pharmaceutical-machine\/\">Apothekenmaschinen<\/a><\/h5><p class=\"elementor-image-box-description\">Pharmazeutische Maschinen sind Ger\u00e4te, die speziell in der pharmazeutischen Industrie verwendet werden, darunter unter anderem Mischer, Granulatoren, Tablettenpressen, Kapself\u00fcller, Verpackungsmaschinen und mehr. Diese Maschinen werden im Herstellungsprozess von Arzneimitteln eingesetzt, vom Mischen der Rohstoffe \u00fcber die Granulierung und Formgebung bis hin zur Endverpackung. Pharmazeutische Maschinen m\u00fcssen strenge Gesundheits- und Sicherheitsstandards erf\u00fcllen, um die Qualit\u00e4t der Medikamente und die Patientensicherheit zu gew\u00e4hrleisten.<\/p><\/div><\/div>\t\t\t\t<\/div>\n\t\t\t\t<\/div>\n\t\t\t\t\t<\/div>\n\t\t\t\t<\/div>\n\t\t\t\t\t<\/div>\n\t\t\t\t<\/div>\n\t\t\t\t\t<\/div>\n\t\t\t\t<\/div>\n\t\t\t\t<\/div>","protected":false},"excerpt":{"rendered":"<p>Produkt Unsere Projekte Inspiration f\u00fcr Ihr n\u00e4chstes Projekt Versiegelungsmaschine Eine Versiegelungsmaschine ist ein Ger\u00e4t zum Versiegeln eines Produkts, um dessen Integrit\u00e4t sicherzustellen und den Inhalt zu sch\u00fctzen. Sie wird h\u00e4ufig in der Lebensmittel-, Getr\u00e4nke-, Pharma-, Chemie- und anderen Industrien verwendet. Versiegelungsmaschinen k\u00f6nnen normalerweise eine Vielzahl von Materialien verarbeiten, wie z. B. Kunststoff, Metall, Glas, [\u2026]<\/p>","protected":false},"author":2,"featured_media":0,"parent":0,"menu_order":0,"comment_status":"closed","ping_status":"closed","template":"","meta":{"_seopress_robots_primary_cat":"","_seopress_titles_title":"Product-- BG Machinery","_seopress_titles_desc":"Select Packaging Machine,Filling Machine,phamacy machine from our wide range on product at wholesale price and reliable quality.","_seopress_robots_index":"","site-sidebar-layout":"no-sidebar","site-content-layout":"page-builder","ast-site-content-layout":"default","site-content-style":"default","site-sidebar-style":"default","ast-global-header-display":"","ast-banner-title-visibility":"","ast-main-header-display":"","ast-hfb-above-header-display":"","ast-hfb-below-header-display":"","ast-hfb-mobile-header-display":"","site-post-title":"disabled","ast-breadcrumbs-content":"disabled","ast-featured-img":"disabled","footer-sml-layout":"","ast-disable-related-posts":"","theme-transparent-header-meta":"enabled","adv-header-id-meta":"","stick-header-meta":"","header-above-stick-meta":"","header-main-stick-meta":"","header-below-stick-meta":"","astra-migrate-meta-layouts":"default","ast-page-background-enabled":"default","ast-page-background-meta":{"desktop":{"background-color":"","background-image":"","background-repeat":"repeat","background-position":"center center","background-size":"auto","background-attachment":"scroll","background-type":"","background-media":"","overlay-type":"","overlay-color":"","overlay-opacity":"","overlay-gradient":""},"tablet":{"background-color":"","background-image":"","background-repeat":"repeat","background-position":"center center","background-size":"auto","background-attachment":"scroll","background-type":"","background-media":"","overlay-type":"","overlay-color":"","overlay-opacity":"","overlay-gradient":""},"mobile":{"background-color":"","background-image":"","background-repeat":"repeat","background-position":"center center","background-size":"auto","background-attachment":"scroll","background-type":"","background-media":"","overlay-type":"","overlay-color":"","overlay-opacity":"","overlay-gradient":""}},"ast-content-background-meta":{"desktop":{"background-color":"var(--ast-global-color-5)","background-image":"","background-repeat":"repeat","background-position":"center center","background-size":"auto","background-attachment":"scroll","background-type":"","background-media":"","overlay-type":"","overlay-color":"","overlay-opacity":"","overlay-gradient":""},"tablet":{"background-color":"var(--ast-global-color-5)","background-image":"","background-repeat":"repeat","background-position":"center center","background-size":"auto","background-attachment":"scroll","background-type":"","background-media":"","overlay-type":"","overlay-color":"","overlay-opacity":"","overlay-gradient":""},"mobile":{"background-color":"var(--ast-global-color-5)","background-image":"","background-repeat":"repeat","background-position":"center center","background-size":"auto","background-attachment":"scroll","background-type":"","background-media":"","overlay-type":"","overlay-color":"","overlay-opacity":"","overlay-gradient":""}},"footnotes":""},"class_list":["post-940","page","type-page","status-publish","hentry"],"_links":{"self":[{"href":"https:\/\/www.bengangmachinery.com\/de\/wp-json\/wp\/v2\/pages\/940","targetHints":{"allow":["GET"]}}],"collection":[{"href":"https:\/\/www.bengangmachinery.com\/de\/wp-json\/wp\/v2\/pages"}],"about":[{"href":"https:\/\/www.bengangmachinery.com\/de\/wp-json\/wp\/v2\/types\/page"}],"author":[{"embeddable":true,"href":"https:\/\/www.bengangmachinery.com\/de\/wp-json\/wp\/v2\/users\/2"}],"replies":[{"embeddable":true,"href":"https:\/\/www.bengangmachinery.com\/de\/wp-json\/wp\/v2\/comments?post=940"}],"version-history":[{"count":43,"href":"https:\/\/www.bengangmachinery.com\/de\/wp-json\/wp\/v2\/pages\/940\/revisions"}],"predecessor-version":[{"id":8568,"href":"https:\/\/www.bengangmachinery.com\/de\/wp-json\/wp\/v2\/pages\/940\/revisions\/8568"}],"wp:attachment":[{"href":"https:\/\/www.bengangmachinery.com\/de\/wp-json\/wp\/v2\/media?parent=940"}],"curies":[{"name":"wp","href":"https:\/\/api.w.org\/{rel}","templated":true}]}}