{"id":940,"date":"2024-04-12T06:28:22","date_gmt":"2024-04-12T05:28:22","guid":{"rendered":"https:\/\/www.bengangmachinery.com\/projects\/"},"modified":"2024-06-10T13:59:36","modified_gmt":"2024-06-10T12:59:36","slug":"product","status":"publish","type":"page","link":"https:\/\/www.bengangmachinery.com\/sv\/product\/","title":{"rendered":"Produkt"},"content":{"rendered":"<div data-elementor-type=\"wp-page\" data-elementor-id=\"940\" class=\"elementor elementor-940\" data-elementor-settings=\"{&quot;ha_cmc_init_switcher&quot;:&quot;no&quot;}\" data-elementor-post-type=\"page\">\n\t\t\t\t<div class=\"elementor-element elementor-element-9d0ebbf e-flex e-con-boxed e-con e-parent\" data-id=\"9d0ebbf\" data-element_type=\"container\" data-e-type=\"container\" data-settings=\"{&quot;background_background&quot;:&quot;classic&quot;,&quot;_ha_eqh_enable&quot;:false}\">\n\t\t\t\t\t<div class=\"e-con-inner\">\n\t\t<div class=\"elementor-element elementor-element-25f0edd e-con-full e-flex e-con e-child\" data-id=\"25f0edd\" data-element_type=\"container\" data-e-type=\"container\" data-settings=\"{&quot;_ha_eqh_enable&quot;:false}\">\n\t\t\t\t<div class=\"elementor-element elementor-element-606f93b elementor-widget elementor-widget-heading\" data-id=\"606f93b\" data-element_type=\"widget\" data-e-type=\"widget\" data-widget_type=\"heading.default\">\n\t\t\t\t<div class=\"elementor-widget-container\">\n\t\t\t\t\t<h1 class=\"elementor-heading-title elementor-size-default\">Produkt<\/h1>\t\t\t\t<\/div>\n\t\t\t\t<\/div>\n\t\t\t\t<\/div>\n\t\t\t\t\t<\/div>\n\t\t\t\t<\/div>\n\t\t<div class=\"elementor-element elementor-element-29a7df9 e-flex e-con-boxed e-con e-parent\" data-id=\"29a7df9\" data-element_type=\"container\" data-e-type=\"container\" data-settings=\"{&quot;background_background&quot;:&quot;classic&quot;,&quot;_ha_eqh_enable&quot;:false}\">\n\t\t\t\t\t<div class=\"e-con-inner\">\n\t\t<div class=\"elementor-element elementor-element-b1d9b17 e-flex e-con-boxed e-con e-child\" data-id=\"b1d9b17\" data-element_type=\"container\" data-e-type=\"container\" data-settings=\"{&quot;_ha_eqh_enable&quot;:false}\">\n\t\t\t\t\t<div class=\"e-con-inner\">\n\t\t\t\t<div class=\"elementor-element elementor-element-7d7e27c elementor-widget elementor-widget-heading\" data-id=\"7d7e27c\" data-element_type=\"widget\" data-e-type=\"widget\" data-widget_type=\"heading.default\">\n\t\t\t\t<div class=\"elementor-widget-container\">\n\t\t\t\t\t<h6 class=\"elementor-heading-title elementor-size-default\">V\u00e5ra projekt<\/h6>\t\t\t\t<\/div>\n\t\t\t\t<\/div>\n\t\t\t\t<div class=\"elementor-element elementor-element-ba39b0e elementor-widget elementor-widget-heading\" data-id=\"ba39b0e\" data-element_type=\"widget\" data-e-type=\"widget\" data-widget_type=\"heading.default\">\n\t\t\t\t<div class=\"elementor-widget-container\">\n\t\t\t\t\t<h2 class=\"elementor-heading-title elementor-size-default\">Inspiration till ditt n\u00e4sta projekt<\/h2>\t\t\t\t<\/div>\n\t\t\t\t<\/div>\n\t\t<div class=\"elementor-element elementor-element-a87b603 e-flex e-con-boxed e-con e-child\" data-id=\"a87b603\" data-element_type=\"container\" data-e-type=\"container\" data-settings=\"{&quot;_ha_eqh_enable&quot;:false}\">\n\t\t\t\t\t<div class=\"e-con-inner\">\n\t\t\t\t<div class=\"elementor-element elementor-element-7f17bfa elementor-widget__width-initial elementor-widget-tablet__width-initial elementor-widget-mobile__width-inherit elementor-position-top elementor-widget elementor-widget-image-box\" data-id=\"7f17bfa\" data-element_type=\"widget\" data-e-type=\"widget\" data-widget_type=\"image-box.default\">\n\t\t\t\t<div class=\"elementor-widget-container\">\n\t\t\t\t\t<div class=\"elementor-image-box-wrapper\"><figure class=\"elementor-image-box-img\"><a href=\"https:\/\/www.bengangmachinery.com\/sv\/sealing-machine\/\" tabindex=\"-1\"><img fetchpriority=\"high\" decoding=\"async\" width=\"1280\" height=\"900\" src=\"https:\/\/www.bengangmachinery.com\/wp-content\/uploads\/2024\/05\/heating-tube-filling-and-sealing-machine.jpg\" class=\"attachment-full size-full wp-image-5297\" alt=\"fyllnings- och t\u00e4tningsmaskin f\u00f6r v\u00e4rmer\u00f6r\" srcset=\"https:\/\/www.bengangmachinery.com\/wp-content\/uploads\/2024\/05\/heating-tube-filling-and-sealing-machine.jpg 1280w, https:\/\/www.bengangmachinery.com\/wp-content\/uploads\/2024\/05\/heating-tube-filling-and-sealing-machine-300x211.jpg 300w, https:\/\/www.bengangmachinery.com\/wp-content\/uploads\/2024\/05\/heating-tube-filling-and-sealing-machine-1024x720.jpg 1024w, https:\/\/www.bengangmachinery.com\/wp-content\/uploads\/2024\/05\/heating-tube-filling-and-sealing-machine-768x540.jpg 768w, https:\/\/www.bengangmachinery.com\/wp-content\/uploads\/2024\/05\/heating-tube-filling-and-sealing-machine-18x12.jpg 18w\" sizes=\"(max-width: 1280px) 100vw, 1280px\" \/><\/a><\/figure><div class=\"elementor-image-box-content\"><h5 class=\"elementor-image-box-title\"><a href=\"https:\/\/www.bengangmachinery.com\/sv\/sealing-machine\/\">T\u00e4tningsmaskin<\/a><\/h5><p class=\"elementor-image-box-description\">En f\u00f6rseglingsmaskin \u00e4r en anordning som anv\u00e4nds f\u00f6r att f\u00f6rsegla en produkt f\u00f6r att s\u00e4kerst\u00e4lla dess integritet och skydda inneh\u00e5llet. Det anv\u00e4nds ofta i livsmedel, drycker, l\u00e4kemedel, kemiska och andra industrier. T\u00e4tningsmaskiner kan vanligtvis hantera en m\u00e4ngd olika material, s\u00e5som plast, metall, glas etc. Beroende p\u00e5 f\u00f6rseglingsmetod kan t\u00e4tningsmaskiner klassificeras i olika typer s\u00e5som v\u00e4rmef\u00f6rsegling, kallf\u00f6rsegling och elektromagnetisk f\u00f6rsegling. De kan man\u00f6vreras manuellt eller automatiseras f\u00f6r att passa olika produktionsbehov.<\/p><\/div><\/div>\t\t\t\t<\/div>\n\t\t\t\t<\/div>\n\t\t\t\t<div class=\"elementor-element elementor-element-42059fa elementor-widget__width-initial elementor-widget-tablet__width-initial elementor-widget-mobile__width-inherit elementor-position-top elementor-widget elementor-widget-image-box\" data-id=\"42059fa\" data-element_type=\"widget\" data-e-type=\"widget\" data-widget_type=\"image-box.default\">\n\t\t\t\t<div class=\"elementor-widget-container\">\n\t\t\t\t\t<div class=\"elementor-image-box-wrapper\"><figure class=\"elementor-image-box-img\"><a href=\"https:\/\/www.bengangmachinery.com\/sv\/filling-machine\/\" tabindex=\"-1\"><img decoding=\"async\" width=\"1280\" height=\"900\" src=\"https:\/\/www.bengangmachinery.com\/wp-content\/uploads\/2024\/05\/high-speed-liquid-filling-machine.jpg\" class=\"attachment-full size-full wp-image-5300\" alt=\"h\u00f6ghastighets v\u00e4tskep\u00e5fyllningsmaskin\" srcset=\"https:\/\/www.bengangmachinery.com\/wp-content\/uploads\/2024\/05\/high-speed-liquid-filling-machine.jpg 1280w, https:\/\/www.bengangmachinery.com\/wp-content\/uploads\/2024\/05\/high-speed-liquid-filling-machine-300x211.jpg 300w, https:\/\/www.bengangmachinery.com\/wp-content\/uploads\/2024\/05\/high-speed-liquid-filling-machine-1024x720.jpg 1024w, https:\/\/www.bengangmachinery.com\/wp-content\/uploads\/2024\/05\/high-speed-liquid-filling-machine-768x540.jpg 768w, https:\/\/www.bengangmachinery.com\/wp-content\/uploads\/2024\/05\/high-speed-liquid-filling-machine-18x12.jpg 18w\" sizes=\"(max-width: 1280px) 100vw, 1280px\" \/><\/a><\/figure><div class=\"elementor-image-box-content\"><h5 class=\"elementor-image-box-title\"><a href=\"https:\/\/www.bengangmachinery.com\/sv\/filling-machine\/\">Fyllningsmaskin<\/a><\/h5><p class=\"elementor-image-box-description\">En fyllningsmaskin \u00e4r en anordning som anv\u00e4nds f\u00f6r att fylla v\u00e4tskor, pulver eller granulat i beh\u00e5llare. Det \u00e4r avg\u00f6rande i l\u00e4kemedels-, livsmedels-, dryckes- och kosmetikproduktion. P\u00e5fyllningsmaskiner till\u00e5ter exakt kontroll av p\u00e5fyllningsvolymen f\u00f6r att s\u00e4kerst\u00e4lla produktens konsistens och kvalitet. Beroende p\u00e5 typ av produkt och produktionskrav finns p\u00e5fyllningsmaskiner tillg\u00e4ngliga i en m\u00e4ngd olika utf\u00f6randen s\u00e5som gravitationsfyllning, pumpfyllning och tryckfyllning.<\/p><\/div><\/div>\t\t\t\t<\/div>\n\t\t\t\t<\/div>\n\t\t\t\t<div class=\"elementor-element elementor-element-38bdce2 elementor-widget__width-initial elementor-widget-tablet__width-initial elementor-widget-mobile__width-inherit elementor-position-top elementor-widget elementor-widget-image-box\" data-id=\"38bdce2\" data-element_type=\"widget\" data-e-type=\"widget\" data-widget_type=\"image-box.default\">\n\t\t\t\t<div class=\"elementor-widget-container\">\n\t\t\t\t\t<div class=\"elementor-image-box-wrapper\"><figure class=\"elementor-image-box-img\"><a href=\"https:\/\/www.bengangmachinery.com\/sv\/labeling-machine\/\" tabindex=\"-1\"><img decoding=\"async\" src=\"https:\/\/www.bengangmachinery.com\/wp-content\/uploads\/elementor\/thumbs\/premade-pouch-production-line-qq6qpiy4oxea7d0zx83z2g1ucggoyt0b327gi7uhig.jpg\" title=\"f\u00f6rtillverkad p\u00e5sproduktionslinje\" alt=\"f\u00f6rtillverkad p\u00e5sproduktionslinje\" loading=\"lazy\" \/><\/a><\/figure><div class=\"elementor-image-box-content\"><h5 class=\"elementor-image-box-title\"><a href=\"https:\/\/www.bengangmachinery.com\/sv\/labeling-machine\/\">M\u00e4rkningsmaskin<\/a><\/h5><p class=\"elementor-image-box-description\">M\u00e4rkningsmaskiner anv\u00e4nds f\u00f6r att korrekt f\u00e4sta etiketter p\u00e5 produkter eller f\u00f6rpackningar. Det \u00e4r mycket vanligt inom livsmedels-, dryckes-, l\u00e4kemedels-, kosmetika- och andra industrier. Etikettmaskiner kan automatiskt slutf\u00f6ra plockning, placering och applicering av etiketter f\u00f6r att s\u00e4kerst\u00e4lla korrekta och vackra etiketter. Beroende p\u00e5 formen och storleken p\u00e5 etiketterna finns det olika typer av etiketteringsmaskiner, s\u00e5som platt m\u00e4rkning, cylinderm\u00e4rkning och automatisk m\u00e4rkning.<\/p><\/div><\/div>\t\t\t\t<\/div>\n\t\t\t\t<\/div>\n\t\t\t\t<div class=\"elementor-element elementor-element-eb45ba6 elementor-widget__width-initial elementor-widget-tablet__width-initial elementor-widget-mobile__width-inherit elementor-position-top elementor-widget elementor-widget-image-box\" data-id=\"eb45ba6\" data-element_type=\"widget\" data-e-type=\"widget\" data-widget_type=\"image-box.default\">\n\t\t\t\t<div class=\"elementor-widget-container\">\n\t\t\t\t\t<div class=\"elementor-image-box-wrapper\"><figure class=\"elementor-image-box-img\"><a href=\"https:\/\/www.bengangmachinery.com\/sv\/capping-machine\/\" tabindex=\"-1\"><img decoding=\"async\" src=\"https:\/\/www.bengangmachinery.com\/wp-content\/uploads\/elementor\/thumbs\/automatic-capping-machine-screw-capper-qoiltqckid63tn4881rzs9snz82ocjb1woz8vs0xt4.jpg\" title=\"automatisk kapslingsmaskin skruvlock\" alt=\"automatisk kapslingsmaskin skruvlock\" loading=\"lazy\" \/><\/a><\/figure><div class=\"elementor-image-box-content\"><h5 class=\"elementor-image-box-title\"><a href=\"https:\/\/www.bengangmachinery.com\/sv\/capping-machine\/\">T\u00e4ckmaskin<\/a><\/h5><p class=\"elementor-image-box-description\">F\u00f6rslutningsmaskin anv\u00e4nds f\u00f6r att f\u00f6rsegla kapsyler eller lock p\u00e5 beh\u00e5llare. Det \u00e4r mycket viktigt inom dryckes-, l\u00e4kemedels-, kosmetika- och andra industrier. Kapsylmaskiner kan hantera olika typer av kapsyler, s\u00e5som skruvlock, presslock, t\u00e4tningslock, och s\u00e5 vidare. Kapslingsmaskiner kan drivas manuellt eller automatiseras f\u00f6r att passa olika produktionslinjehastigheter och produktionsvolymer.<\/p><\/div><\/div>\t\t\t\t<\/div>\n\t\t\t\t<\/div>\n\t\t\t\t<div class=\"elementor-element elementor-element-ba967ab elementor-widget__width-initial elementor-widget-tablet__width-initial elementor-widget-mobile__width-inherit elementor-position-top elementor-widget elementor-widget-image-box\" data-id=\"ba967ab\" data-element_type=\"widget\" data-e-type=\"widget\" data-widget_type=\"image-box.default\">\n\t\t\t\t<div class=\"elementor-widget-container\">\n\t\t\t\t\t<div class=\"elementor-image-box-wrapper\"><figure class=\"elementor-image-box-img\"><a href=\"https:\/\/www.bengangmachinery.com\/sv\/packing-machine\/\" tabindex=\"-1\"><img decoding=\"async\" width=\"1280\" height=\"900\" src=\"https:\/\/www.bengangmachinery.com\/wp-content\/uploads\/2024\/05\/doypack-packing-machine1.jpg\" class=\"attachment-full size-full wp-image-5299\" alt=\"doypack f\u00f6rpackningsmaskin\" srcset=\"https:\/\/www.bengangmachinery.com\/wp-content\/uploads\/2024\/05\/doypack-packing-machine1.jpg 1280w, https:\/\/www.bengangmachinery.com\/wp-content\/uploads\/2024\/05\/doypack-packing-machine1-300x211.jpg 300w, https:\/\/www.bengangmachinery.com\/wp-content\/uploads\/2024\/05\/doypack-packing-machine1-1024x720.jpg 1024w, https:\/\/www.bengangmachinery.com\/wp-content\/uploads\/2024\/05\/doypack-packing-machine1-768x540.jpg 768w, https:\/\/www.bengangmachinery.com\/wp-content\/uploads\/2024\/05\/doypack-packing-machine1-18x12.jpg 18w\" sizes=\"(max-width: 1280px) 100vw, 1280px\" \/><\/a><\/figure><div class=\"elementor-image-box-content\"><h5 class=\"elementor-image-box-title\"><a href=\"https:\/\/www.bengangmachinery.com\/sv\/packing-machine\/\">Paketeringsmaskin<\/a><\/h5><p class=\"elementor-image-box-description\">F\u00f6rpackningsmaskiner anv\u00e4nds f\u00f6r att f\u00f6rpacka produkter f\u00f6r transport, lagring och f\u00f6rs\u00e4ljning. Den kan hantera en m\u00e4ngd olika f\u00f6rpackningsmaterial, s\u00e5som kartonger, plastp\u00e5sar, skum och s\u00e5 vidare. F\u00f6rpackningsmaskiner kan automatiskt slutf\u00f6ra processen med att \u00f6ppna, fylla, f\u00f6rsegla och m\u00e4rka, vilket avsev\u00e4rt f\u00f6rb\u00e4ttrar produktionseffektiviteten. Dessutom kan f\u00f6rpackningsmaskinen anpassas efter produktegenskaper och f\u00f6rpackningskrav f\u00f6r att m\u00f6ta behoven hos specifika industrier.f<\/p><\/div><\/div>\t\t\t\t<\/div>\n\t\t\t\t<\/div>\n\t\t\t\t<div class=\"elementor-element elementor-element-4af158b elementor-widget__width-initial elementor-widget-tablet__width-initial elementor-widget-mobile__width-inherit elementor-position-top elementor-widget elementor-widget-image-box\" data-id=\"4af158b\" data-element_type=\"widget\" data-e-type=\"widget\" data-widget_type=\"image-box.default\">\n\t\t\t\t<div class=\"elementor-widget-container\">\n\t\t\t\t\t<div class=\"elementor-image-box-wrapper\"><figure class=\"elementor-image-box-img\"><a href=\"https:\/\/www.bengangmachinery.com\/sv\/pharmaceutical-machine\/\" tabindex=\"-1\"><img loading=\"lazy\" decoding=\"async\" width=\"1024\" height=\"768\" src=\"https:\/\/www.bengangmachinery.com\/wp-content\/uploads\/2024\/04\/4-side-seal-packaging-machine.avif\" class=\"attachment-full size-full wp-image-2354\" alt=\"F\u00f6rpackningsmaskin med 4 sidor f\u00f6rsegling i Kina\" srcset=\"https:\/\/www.bengangmachinery.com\/wp-content\/uploads\/2024\/04\/4-side-seal-packaging-machine.avif 1024w, https:\/\/www.bengangmachinery.com\/wp-content\/uploads\/2024\/04\/4-side-seal-packaging-machine-300x225.avif 300w, https:\/\/www.bengangmachinery.com\/wp-content\/uploads\/2024\/04\/4-side-seal-packaging-machine-768x576.avif 768w, https:\/\/www.bengangmachinery.com\/wp-content\/uploads\/2024\/04\/4-side-seal-packaging-machine-16x12.avif 16w\" sizes=\"(max-width: 1024px) 100vw, 1024px\" \/><\/a><\/figure><div class=\"elementor-image-box-content\"><h5 class=\"elementor-image-box-title\"><a href=\"https:\/\/www.bengangmachinery.com\/sv\/pharmaceutical-machine\/\">Apoteksmaskiner<\/a><\/h5><p class=\"elementor-image-box-description\">Farmaceutiska maskiner avser utrustning som specifikt anv\u00e4nds inom l\u00e4kemedelsindustrin, inklusive men inte begr\u00e4nsat till blandare, granulatorer, tablettpressar, kapselfyllmedel, f\u00f6rpackningsmaskiner och mer. Dessa maskiner anv\u00e4nds i tillverkningsprocessen av l\u00e4kemedel, fr\u00e5n blandning av r\u00e5material, granulering, formning till slutf\u00f6rpackning. L\u00e4kemedelsmaskiner m\u00e5ste uppfylla strikta h\u00e4lso- och s\u00e4kerhetsstandarder f\u00f6r att s\u00e4kerst\u00e4lla kvaliteten p\u00e5 l\u00e4kemedlen och patients\u00e4kerheten.<\/p><\/div><\/div>\t\t\t\t<\/div>\n\t\t\t\t<\/div>\n\t\t\t\t\t<\/div>\n\t\t\t\t<\/div>\n\t\t\t\t\t<\/div>\n\t\t\t\t<\/div>\n\t\t\t\t\t<\/div>\n\t\t\t\t<\/div>\n\t\t\t\t<\/div>","protected":false},"excerpt":{"rendered":"<p>Produkt V\u00e5ra projekt Inspiration f\u00f6r ditt n\u00e4sta projekt F\u00f6rslutningsmaskin En f\u00f6rslutningsmaskin \u00e4r en anordning som anv\u00e4nds f\u00f6r att f\u00f6rsegla en produkt f\u00f6r att s\u00e4kerst\u00e4lla dess integritet och skydda inneh\u00e5llet. Den anv\u00e4nds ofta inom livsmedels-, dryckes-, l\u00e4kemedels-, kemisk och andra industrier. F\u00f6rslutningsmaskiner kan vanligtvis hantera en m\u00e4ngd olika material, s\u00e5som plast, metall, glas, [\u2026]<\/p>","protected":false},"author":2,"featured_media":0,"parent":0,"menu_order":0,"comment_status":"closed","ping_status":"closed","template":"","meta":{"_seopress_robots_primary_cat":"","_seopress_titles_title":"Product-- BG Machinery","_seopress_titles_desc":"Select Packaging Machine,Filling Machine,phamacy machine from our wide range on product at wholesale price and reliable quality.","_seopress_robots_index":"","site-sidebar-layout":"no-sidebar","site-content-layout":"page-builder","ast-site-content-layout":"default","site-content-style":"default","site-sidebar-style":"default","ast-global-header-display":"","ast-banner-title-visibility":"","ast-main-header-display":"","ast-hfb-above-header-display":"","ast-hfb-below-header-display":"","ast-hfb-mobile-header-display":"","site-post-title":"disabled","ast-breadcrumbs-content":"disabled","ast-featured-img":"disabled","footer-sml-layout":"","ast-disable-related-posts":"","theme-transparent-header-meta":"enabled","adv-header-id-meta":"","stick-header-meta":"","header-above-stick-meta":"","header-main-stick-meta":"","header-below-stick-meta":"","astra-migrate-meta-layouts":"default","ast-page-background-enabled":"default","ast-page-background-meta":{"desktop":{"background-color":"","background-image":"","background-repeat":"repeat","background-position":"center center","background-size":"auto","background-attachment":"scroll","background-type":"","background-media":"","overlay-type":"","overlay-color":"","overlay-opacity":"","overlay-gradient":""},"tablet":{"background-color":"","background-image":"","background-repeat":"repeat","background-position":"center center","background-size":"auto","background-attachment":"scroll","background-type":"","background-media":"","overlay-type":"","overlay-color":"","overlay-opacity":"","overlay-gradient":""},"mobile":{"background-color":"","background-image":"","background-repeat":"repeat","background-position":"center center","background-size":"auto","background-attachment":"scroll","background-type":"","background-media":"","overlay-type":"","overlay-color":"","overlay-opacity":"","overlay-gradient":""}},"ast-content-background-meta":{"desktop":{"background-color":"var(--ast-global-color-5)","background-image":"","background-repeat":"repeat","background-position":"center center","background-size":"auto","background-attachment":"scroll","background-type":"","background-media":"","overlay-type":"","overlay-color":"","overlay-opacity":"","overlay-gradient":""},"tablet":{"background-color":"var(--ast-global-color-5)","background-image":"","background-repeat":"repeat","background-position":"center center","background-size":"auto","background-attachment":"scroll","background-type":"","background-media":"","overlay-type":"","overlay-color":"","overlay-opacity":"","overlay-gradient":""},"mobile":{"background-color":"var(--ast-global-color-5)","background-image":"","background-repeat":"repeat","background-position":"center center","background-size":"auto","background-attachment":"scroll","background-type":"","background-media":"","overlay-type":"","overlay-color":"","overlay-opacity":"","overlay-gradient":""}},"footnotes":""},"class_list":["post-940","page","type-page","status-publish","hentry"],"_links":{"self":[{"href":"https:\/\/www.bengangmachinery.com\/sv\/wp-json\/wp\/v2\/pages\/940","targetHints":{"allow":["GET"]}}],"collection":[{"href":"https:\/\/www.bengangmachinery.com\/sv\/wp-json\/wp\/v2\/pages"}],"about":[{"href":"https:\/\/www.bengangmachinery.com\/sv\/wp-json\/wp\/v2\/types\/page"}],"author":[{"embeddable":true,"href":"https:\/\/www.bengangmachinery.com\/sv\/wp-json\/wp\/v2\/users\/2"}],"replies":[{"embeddable":true,"href":"https:\/\/www.bengangmachinery.com\/sv\/wp-json\/wp\/v2\/comments?post=940"}],"version-history":[{"count":43,"href":"https:\/\/www.bengangmachinery.com\/sv\/wp-json\/wp\/v2\/pages\/940\/revisions"}],"predecessor-version":[{"id":8568,"href":"https:\/\/www.bengangmachinery.com\/sv\/wp-json\/wp\/v2\/pages\/940\/revisions\/8568"}],"wp:attachment":[{"href":"https:\/\/www.bengangmachinery.com\/sv\/wp-json\/wp\/v2\/media?parent=940"}],"curies":[{"name":"wp","href":"https:\/\/api.w.org\/{rel}","templated":true}]}}