{"id":940,"date":"2024-04-12T06:28:22","date_gmt":"2024-04-12T05:28:22","guid":{"rendered":"https:\/\/www.bengangmachinery.com\/projects\/"},"modified":"2024-06-10T13:59:36","modified_gmt":"2024-06-10T12:59:36","slug":"product","status":"publish","type":"page","link":"https:\/\/www.bengangmachinery.com\/vi\/product\/","title":{"rendered":"S\u1ea3n ph\u1ea9m"},"content":{"rendered":"<div data-elementor-type=\"wp-page\" data-elementor-id=\"940\" class=\"elementor elementor-940\" data-elementor-settings=\"{&quot;ha_cmc_init_switcher&quot;:&quot;no&quot;}\" data-elementor-post-type=\"page\">\n\t\t\t\t<div class=\"elementor-element elementor-element-9d0ebbf e-flex e-con-boxed e-con e-parent\" data-id=\"9d0ebbf\" data-element_type=\"container\" data-e-type=\"container\" data-settings=\"{&quot;background_background&quot;:&quot;classic&quot;,&quot;_ha_eqh_enable&quot;:false}\">\n\t\t\t\t\t<div class=\"e-con-inner\">\n\t\t<div class=\"elementor-element elementor-element-25f0edd e-con-full e-flex e-con e-child\" data-id=\"25f0edd\" data-element_type=\"container\" data-e-type=\"container\" data-settings=\"{&quot;_ha_eqh_enable&quot;:false}\">\n\t\t\t\t<div class=\"elementor-element elementor-element-606f93b elementor-widget elementor-widget-heading\" data-id=\"606f93b\" data-element_type=\"widget\" data-e-type=\"widget\" data-widget_type=\"heading.default\">\n\t\t\t\t<div class=\"elementor-widget-container\">\n\t\t\t\t\t<h1 class=\"elementor-heading-title elementor-size-default\">S\u1ea3n ph\u1ea9m<\/h1>\t\t\t\t<\/div>\n\t\t\t\t<\/div>\n\t\t\t\t<\/div>\n\t\t\t\t\t<\/div>\n\t\t\t\t<\/div>\n\t\t<div class=\"elementor-element elementor-element-29a7df9 e-flex e-con-boxed e-con e-parent\" data-id=\"29a7df9\" data-element_type=\"container\" data-e-type=\"container\" data-settings=\"{&quot;background_background&quot;:&quot;classic&quot;,&quot;_ha_eqh_enable&quot;:false}\">\n\t\t\t\t\t<div class=\"e-con-inner\">\n\t\t<div class=\"elementor-element elementor-element-b1d9b17 e-flex e-con-boxed e-con e-child\" data-id=\"b1d9b17\" data-element_type=\"container\" data-e-type=\"container\" data-settings=\"{&quot;_ha_eqh_enable&quot;:false}\">\n\t\t\t\t\t<div class=\"e-con-inner\">\n\t\t\t\t<div class=\"elementor-element elementor-element-7d7e27c elementor-widget elementor-widget-heading\" data-id=\"7d7e27c\" data-element_type=\"widget\" data-e-type=\"widget\" data-widget_type=\"heading.default\">\n\t\t\t\t<div class=\"elementor-widget-container\">\n\t\t\t\t\t<h6 class=\"elementor-heading-title elementor-size-default\">C\u00e1c d\u1ef1 \u00e1n c\u1ee7a ch\u00fang t\u00f4i<\/h6>\t\t\t\t<\/div>\n\t\t\t\t<\/div>\n\t\t\t\t<div class=\"elementor-element elementor-element-ba39b0e elementor-widget elementor-widget-heading\" data-id=\"ba39b0e\" data-element_type=\"widget\" data-e-type=\"widget\" data-widget_type=\"heading.default\">\n\t\t\t\t<div class=\"elementor-widget-container\">\n\t\t\t\t\t<h2 class=\"elementor-heading-title elementor-size-default\">C\u1ea3m h\u1ee9ng cho d\u1ef1 \u00e1n ti\u1ebfp theo c\u1ee7a b\u1ea1n<\/h2>\t\t\t\t<\/div>\n\t\t\t\t<\/div>\n\t\t<div class=\"elementor-element elementor-element-a87b603 e-flex e-con-boxed e-con e-child\" data-id=\"a87b603\" data-element_type=\"container\" data-e-type=\"container\" data-settings=\"{&quot;_ha_eqh_enable&quot;:false}\">\n\t\t\t\t\t<div class=\"e-con-inner\">\n\t\t\t\t<div class=\"elementor-element elementor-element-7f17bfa elementor-widget__width-initial elementor-widget-tablet__width-initial elementor-widget-mobile__width-inherit elementor-position-top elementor-widget elementor-widget-image-box\" data-id=\"7f17bfa\" data-element_type=\"widget\" data-e-type=\"widget\" data-widget_type=\"image-box.default\">\n\t\t\t\t<div class=\"elementor-widget-container\">\n\t\t\t\t\t<div class=\"elementor-image-box-wrapper\"><figure class=\"elementor-image-box-img\"><a href=\"https:\/\/www.bengangmachinery.com\/vi\/sealing-machine\/\" tabindex=\"-1\"><img fetchpriority=\"high\" decoding=\"async\" width=\"1280\" height=\"900\" src=\"https:\/\/www.bengangmachinery.com\/wp-content\/uploads\/2024\/05\/heating-tube-filling-and-sealing-machine.jpg\" class=\"attachment-full size-full wp-image-5297\" alt=\"m\u00e1y l\u00e0m \u0111\u1ea7y v\u00e0 ni\u00eam phong \u1ed1ng s\u01b0\u1edfi \u1ea5m\" srcset=\"https:\/\/www.bengangmachinery.com\/wp-content\/uploads\/2024\/05\/heating-tube-filling-and-sealing-machine.jpg 1280w, https:\/\/www.bengangmachinery.com\/wp-content\/uploads\/2024\/05\/heating-tube-filling-and-sealing-machine-300x211.jpg 300w, https:\/\/www.bengangmachinery.com\/wp-content\/uploads\/2024\/05\/heating-tube-filling-and-sealing-machine-1024x720.jpg 1024w, https:\/\/www.bengangmachinery.com\/wp-content\/uploads\/2024\/05\/heating-tube-filling-and-sealing-machine-768x540.jpg 768w, https:\/\/www.bengangmachinery.com\/wp-content\/uploads\/2024\/05\/heating-tube-filling-and-sealing-machine-18x12.jpg 18w\" sizes=\"(max-width: 1280px) 100vw, 1280px\" \/><\/a><\/figure><div class=\"elementor-image-box-content\"><h5 class=\"elementor-image-box-title\"><a href=\"https:\/\/www.bengangmachinery.com\/vi\/sealing-machine\/\">Ni\u00eam phong m\u00e1y m\u00f3c<\/a><\/h5><p class=\"elementor-image-box-description\">M\u00e1y ni\u00eam phong l\u00e0 m\u1ed9t thi\u1ebft b\u1ecb \u0111\u01b0\u1ee3c s\u1eed d\u1ee5ng \u0111\u1ec3 ni\u00eam phong s\u1ea3n ph\u1ea9m \u0111\u1ec3 \u0111\u1ea3m b\u1ea3o t\u00ednh to\u00e0n v\u1eb9n v\u00e0 b\u1ea3o v\u1ec7 n\u1ed9i dung b\u00ean trong. N\u00f3 \u0111\u01b0\u1ee3c s\u1eed d\u1ee5ng r\u1ed9ng r\u00e3i trong th\u1ef1c ph\u1ea9m, \u0111\u1ed3 u\u1ed1ng, d\u01b0\u1ee3c ph\u1ea9m, h\u00f3a ch\u1ea5t v\u00e0 c\u00e1c ng\u00e0nh c\u00f4ng nghi\u1ec7p kh\u00e1c. M\u00e1y h\u00e0n k\u00edn th\u01b0\u1eddng c\u00f3 th\u1ec3 x\u1eed l\u00fd nhi\u1ec1u lo\u1ea1i v\u1eadt li\u1ec7u nh\u01b0 nh\u1ef1a, kim lo\u1ea1i, th\u1ee7y tinh, v.v. T\u00f9y thu\u1ed9c v\u00e0o ph\u01b0\u01a1ng ph\u00e1p h\u00e0n k\u00edn, m\u00e1y h\u00e0n k\u00edn c\u00f3 th\u1ec3 \u0111\u01b0\u1ee3c ph\u00e2n th\u00e0nh nhi\u1ec1u lo\u1ea1i kh\u00e1c nhau nh\u01b0 h\u00e0n nhi\u1ec7t, h\u00e0n l\u1ea1nh v\u00e0 h\u00e0n \u0111i\u1ec7n t\u1eeb. Ch\u00fang c\u00f3 th\u1ec3 \u0111\u01b0\u1ee3c v\u1eadn h\u00e0nh th\u1ee7 c\u00f4ng ho\u1eb7c t\u1ef1 \u0111\u1ed9ng \u0111\u1ec3 ph\u00f9 h\u1ee3p v\u1edbi c\u00e1c nhu c\u1ea7u s\u1ea3n xu\u1ea5t kh\u00e1c nhau.<\/p><\/div><\/div>\t\t\t\t<\/div>\n\t\t\t\t<\/div>\n\t\t\t\t<div class=\"elementor-element elementor-element-42059fa elementor-widget__width-initial elementor-widget-tablet__width-initial elementor-widget-mobile__width-inherit elementor-position-top elementor-widget elementor-widget-image-box\" data-id=\"42059fa\" data-element_type=\"widget\" data-e-type=\"widget\" data-widget_type=\"image-box.default\">\n\t\t\t\t<div class=\"elementor-widget-container\">\n\t\t\t\t\t<div class=\"elementor-image-box-wrapper\"><figure class=\"elementor-image-box-img\"><a href=\"https:\/\/www.bengangmachinery.com\/vi\/filling-machine\/\" tabindex=\"-1\"><img decoding=\"async\" width=\"1280\" height=\"900\" src=\"https:\/\/www.bengangmachinery.com\/wp-content\/uploads\/2024\/05\/high-speed-liquid-filling-machine.jpg\" class=\"attachment-full size-full wp-image-5300\" alt=\"m\u00e1y l\u00e0m \u0111\u1ea7y ch\u1ea5t l\u1ecfng t\u1ed1c \u0111\u1ed9 cao\" srcset=\"https:\/\/www.bengangmachinery.com\/wp-content\/uploads\/2024\/05\/high-speed-liquid-filling-machine.jpg 1280w, https:\/\/www.bengangmachinery.com\/wp-content\/uploads\/2024\/05\/high-speed-liquid-filling-machine-300x211.jpg 300w, https:\/\/www.bengangmachinery.com\/wp-content\/uploads\/2024\/05\/high-speed-liquid-filling-machine-1024x720.jpg 1024w, https:\/\/www.bengangmachinery.com\/wp-content\/uploads\/2024\/05\/high-speed-liquid-filling-machine-768x540.jpg 768w, https:\/\/www.bengangmachinery.com\/wp-content\/uploads\/2024\/05\/high-speed-liquid-filling-machine-18x12.jpg 18w\" sizes=\"(max-width: 1280px) 100vw, 1280px\" \/><\/a><\/figure><div class=\"elementor-image-box-content\"><h5 class=\"elementor-image-box-title\"><a href=\"https:\/\/www.bengangmachinery.com\/vi\/filling-machine\/\">M\u00e1y chi\u1ebft r\u00f3t<\/a><\/h5><p class=\"elementor-image-box-description\">M\u00e1y chi\u1ebft r\u00f3t l\u00e0 thi\u1ebft b\u1ecb d\u00f9ng \u0111\u1ec3 \u0111\u1ed5 ch\u1ea5t l\u1ecfng, b\u1ed9t ho\u1eb7c h\u1ea1t v\u00e0o th\u00f9ng ch\u1ee9a. N\u00f3 r\u1ea5t quan tr\u1ecdng trong s\u1ea3n xu\u1ea5t d\u01b0\u1ee3c ph\u1ea9m, th\u1ef1c ph\u1ea9m, \u0111\u1ed3 u\u1ed1ng v\u00e0 m\u1ef9 ph\u1ea9m. M\u00e1y chi\u1ebft r\u00f3t cho ph\u00e9p ki\u1ec3m so\u00e1t ch\u00ednh x\u00e1c kh\u1ed1i l\u01b0\u1ee3ng chi\u1ebft r\u00f3t \u0111\u1ec3 \u0111\u1ea3m b\u1ea3o t\u00ednh nh\u1ea5t qu\u00e1n v\u00e0 ch\u1ea5t l\u01b0\u1ee3ng c\u1ee7a s\u1ea3n ph\u1ea9m. T\u00f9y thu\u1ed9c v\u00e0o lo\u1ea1i s\u1ea3n ph\u1ea9m v\u00e0 y\u00eau c\u1ea7u s\u1ea3n xu\u1ea5t, m\u00e1y chi\u1ebft r\u00f3t c\u00f3 nhi\u1ec1u ki\u1ec3u d\u00e1ng kh\u00e1c nhau nh\u01b0 chi\u1ebft r\u00f3t b\u1eb1ng tr\u1ecdng l\u1ef1c, chi\u1ebft r\u00f3t b\u1eb1ng b\u01a1m v\u00e0 chi\u1ebft r\u00f3t \u00e1p su\u1ea5t.<\/p><\/div><\/div>\t\t\t\t<\/div>\n\t\t\t\t<\/div>\n\t\t\t\t<div class=\"elementor-element elementor-element-38bdce2 elementor-widget__width-initial elementor-widget-tablet__width-initial elementor-widget-mobile__width-inherit elementor-position-top elementor-widget elementor-widget-image-box\" data-id=\"38bdce2\" data-element_type=\"widget\" data-e-type=\"widget\" data-widget_type=\"image-box.default\">\n\t\t\t\t<div class=\"elementor-widget-container\">\n\t\t\t\t\t<div class=\"elementor-image-box-wrapper\"><figure class=\"elementor-image-box-img\"><a href=\"https:\/\/www.bengangmachinery.com\/vi\/labeling-machine\/\" tabindex=\"-1\"><img decoding=\"async\" src=\"https:\/\/www.bengangmachinery.com\/wp-content\/uploads\/elementor\/thumbs\/premade-pouch-production-line-qq6qpiy4oxea7d0zx83z2g1ucggoyt0b327gi7uhig.jpg\" title=\"d\u00e2y chuy\u1ec1n s\u1ea3n xu\u1ea5t t\u00fai l\u00e0m s\u1eb5n\" alt=\"d\u00e2y chuy\u1ec1n s\u1ea3n xu\u1ea5t t\u00fai l\u00e0m s\u1eb5n\" loading=\"lazy\" \/><\/a><\/figure><div class=\"elementor-image-box-content\"><h5 class=\"elementor-image-box-title\"><a href=\"https:\/\/www.bengangmachinery.com\/vi\/labeling-machine\/\">M\u00e1y ghi nh\u00e3n<\/a><\/h5><p class=\"elementor-image-box-description\">M\u00e1y d\u00e1n nh\u00e3n \u0111\u01b0\u1ee3c s\u1eed d\u1ee5ng \u0111\u1ec3 g\u1eafn nh\u00e3n ch\u00ednh x\u00e1c v\u00e0o s\u1ea3n ph\u1ea9m ho\u1eb7c bao b\u00ec. N\u00f3 r\u1ea5t ph\u1ed5 bi\u1ebfn trong th\u1ef1c ph\u1ea9m, \u0111\u1ed3 u\u1ed1ng, d\u01b0\u1ee3c ph\u1ea9m, m\u1ef9 ph\u1ea9m v\u00e0 c\u00e1c ng\u00e0nh c\u00f4ng nghi\u1ec7p kh\u00e1c. M\u00e1y d\u00e1n nh\u00e3n c\u00f3 th\u1ec3 t\u1ef1 \u0111\u1ed9ng ho\u00e0n th\u00e0nh vi\u1ec7c ch\u1ecdn, \u0111\u1ecbnh v\u1ecb v\u00e0 d\u00e1n nh\u00e3n \u0111\u1ec3 \u0111\u1ea3m b\u1ea3o nh\u00e3n ch\u00ednh x\u00e1c v\u00e0 \u0111\u1eb9p. Theo h\u00ecnh d\u1ea1ng v\u00e0 k\u00edch th\u01b0\u1edbc c\u1ee7a nh\u00e3n, c\u00f3 nhi\u1ec1u lo\u1ea1i m\u00e1y d\u00e1n nh\u00e3n kh\u00e1c nhau, ch\u1eb3ng h\u1ea1n nh\u01b0 d\u00e1n nh\u00e3n ph\u1eb3ng, d\u00e1n nh\u00e3n h\u00ecnh tr\u1ee5 v\u00e0 d\u00e1n nh\u00e3n t\u1ef1 \u0111\u1ed9ng.<\/p><\/div><\/div>\t\t\t\t<\/div>\n\t\t\t\t<\/div>\n\t\t\t\t<div class=\"elementor-element elementor-element-eb45ba6 elementor-widget__width-initial elementor-widget-tablet__width-initial elementor-widget-mobile__width-inherit elementor-position-top elementor-widget elementor-widget-image-box\" data-id=\"eb45ba6\" data-element_type=\"widget\" data-e-type=\"widget\" data-widget_type=\"image-box.default\">\n\t\t\t\t<div class=\"elementor-widget-container\">\n\t\t\t\t\t<div class=\"elementor-image-box-wrapper\"><figure class=\"elementor-image-box-img\"><a href=\"https:\/\/www.bengangmachinery.com\/vi\/capping-machine\/\" tabindex=\"-1\"><img decoding=\"async\" src=\"https:\/\/www.bengangmachinery.com\/wp-content\/uploads\/elementor\/thumbs\/automatic-capping-machine-screw-capper-qoiltqckid63tn4881rzs9snz82ocjb1woz8vs0xt4.jpg\" title=\"m\u00e1y \u0111\u00f3ng n\u1eafp t\u1ef1 \u0111\u1ed9ng m\u00e1y \u0111\u00f3ng n\u1eafp v\u00edt\" alt=\"m\u00e1y \u0111\u00f3ng n\u1eafp t\u1ef1 \u0111\u1ed9ng m\u00e1y \u0111\u00f3ng n\u1eafp v\u00edt\" loading=\"lazy\" \/><\/a><\/figure><div class=\"elementor-image-box-content\"><h5 class=\"elementor-image-box-title\"><a href=\"https:\/\/www.bengangmachinery.com\/vi\/capping-machine\/\">M\u00e1y \u0111\u00f3ng n\u1eafp<\/a><\/h5><p class=\"elementor-image-box-description\">M\u00e1y \u0111\u00f3ng n\u1eafp \u0111\u01b0\u1ee3c s\u1eed d\u1ee5ng \u0111\u1ec3 b\u1ecbt n\u1eafp chai ho\u1eb7c n\u1eafp tr\u00ean th\u00f9ng ch\u1ee9a. N\u00f3 r\u1ea5t quan tr\u1ecdng trong \u0111\u1ed3 u\u1ed1ng, d\u01b0\u1ee3c ph\u1ea9m, m\u1ef9 ph\u1ea9m v\u00e0 c\u00e1c ng\u00e0nh c\u00f4ng nghi\u1ec7p kh\u00e1c. M\u00e1y \u0111\u00f3ng n\u1eafp c\u00f3 th\u1ec3 x\u1eed l\u00fd nhi\u1ec1u lo\u1ea1i n\u1eafp kh\u00e1c nhau, ch\u1eb3ng h\u1ea1n nh\u01b0 n\u1eafp v\u1eb7n, n\u1eafp \u00e9p, n\u1eafp b\u1ecbt k\u00edn, v.v. M\u00e1y \u0111\u00f3ng n\u1eafp c\u00f3 th\u1ec3 \u0111\u01b0\u1ee3c v\u1eadn h\u00e0nh th\u1ee7 c\u00f4ng ho\u1eb7c t\u1ef1 \u0111\u1ed9ng \u0111\u1ec3 ph\u00f9 h\u1ee3p v\u1edbi t\u1ed1c \u0111\u1ed9 d\u00e2y chuy\u1ec1n s\u1ea3n xu\u1ea5t v\u00e0 kh\u1ed1i l\u01b0\u1ee3ng s\u1ea3n xu\u1ea5t kh\u00e1c nhau.<\/p><\/div><\/div>\t\t\t\t<\/div>\n\t\t\t\t<\/div>\n\t\t\t\t<div class=\"elementor-element elementor-element-ba967ab elementor-widget__width-initial elementor-widget-tablet__width-initial elementor-widget-mobile__width-inherit elementor-position-top elementor-widget elementor-widget-image-box\" data-id=\"ba967ab\" data-element_type=\"widget\" data-e-type=\"widget\" data-widget_type=\"image-box.default\">\n\t\t\t\t<div class=\"elementor-widget-container\">\n\t\t\t\t\t<div class=\"elementor-image-box-wrapper\"><figure class=\"elementor-image-box-img\"><a href=\"https:\/\/www.bengangmachinery.com\/vi\/packing-machine\/\" tabindex=\"-1\"><img decoding=\"async\" width=\"1280\" height=\"900\" src=\"https:\/\/www.bengangmachinery.com\/wp-content\/uploads\/2024\/05\/doypack-packing-machine1.jpg\" class=\"attachment-full size-full wp-image-5299\" alt=\"m\u00e1y \u0111\u00f3ng g\u00f3i doypack\" srcset=\"https:\/\/www.bengangmachinery.com\/wp-content\/uploads\/2024\/05\/doypack-packing-machine1.jpg 1280w, https:\/\/www.bengangmachinery.com\/wp-content\/uploads\/2024\/05\/doypack-packing-machine1-300x211.jpg 300w, https:\/\/www.bengangmachinery.com\/wp-content\/uploads\/2024\/05\/doypack-packing-machine1-1024x720.jpg 1024w, https:\/\/www.bengangmachinery.com\/wp-content\/uploads\/2024\/05\/doypack-packing-machine1-768x540.jpg 768w, https:\/\/www.bengangmachinery.com\/wp-content\/uploads\/2024\/05\/doypack-packing-machine1-18x12.jpg 18w\" sizes=\"(max-width: 1280px) 100vw, 1280px\" \/><\/a><\/figure><div class=\"elementor-image-box-content\"><h5 class=\"elementor-image-box-title\"><a href=\"https:\/\/www.bengangmachinery.com\/vi\/packing-machine\/\">M\u00e1y \u0111\u00f3ng g\u00f3i<\/a><\/h5><p class=\"elementor-image-box-description\">M\u00e1y \u0111\u00f3ng g\u00f3i \u0111\u01b0\u1ee3c s\u1eed d\u1ee5ng \u0111\u1ec3 \u0111\u00f3ng g\u00f3i s\u1ea3n ph\u1ea9m \u0111\u1ec3 v\u1eadn chuy\u1ec3n, l\u01b0u tr\u1eef v\u00e0 b\u00e1n. N\u00f3 c\u00f3 kh\u1ea3 n\u0103ng x\u1eed l\u00fd nhi\u1ec1u lo\u1ea1i v\u1eadt li\u1ec7u \u0111\u00f3ng g\u00f3i, ch\u1eb3ng h\u1ea1n nh\u01b0 th\u00f9ng gi\u1ea5y, t\u00fai nh\u1ef1a, x\u1ed1p, v.v. M\u00e1y \u0111\u00f3ng g\u00f3i c\u00f3 th\u1ec3 t\u1ef1 \u0111\u1ed9ng ho\u00e0n th\u00e0nh qu\u00e1 tr\u00ecnh m\u1edf, chi\u1ebft r\u00f3t, ni\u00eam phong v\u00e0 d\u00e1n nh\u00e3n, gi\u00fap c\u1ea3i thi\u1ec7n \u0111\u00e1ng k\u1ec3 hi\u1ec7u qu\u1ea3 s\u1ea3n xu\u1ea5t. Ngo\u00e0i ra, m\u00e1y \u0111\u00f3ng g\u00f3i c\u00f3 th\u1ec3 \u0111\u01b0\u1ee3c t\u00f9y ch\u1ec9nh theo \u0111\u1eb7c t\u00ednh s\u1ea3n ph\u1ea9m v\u00e0 y\u00eau c\u1ea7u \u0111\u00f3ng g\u00f3i \u0111\u1ec3 \u0111\u00e1p \u1ee9ng nhu c\u1ea7u c\u1ee7a c\u00e1c ng\u00e0nh c\u1ee5 th\u1ec3.f<\/p><\/div><\/div>\t\t\t\t<\/div>\n\t\t\t\t<\/div>\n\t\t\t\t<div class=\"elementor-element elementor-element-4af158b elementor-widget__width-initial elementor-widget-tablet__width-initial elementor-widget-mobile__width-inherit elementor-position-top elementor-widget elementor-widget-image-box\" data-id=\"4af158b\" data-element_type=\"widget\" data-e-type=\"widget\" data-widget_type=\"image-box.default\">\n\t\t\t\t<div class=\"elementor-widget-container\">\n\t\t\t\t\t<div class=\"elementor-image-box-wrapper\"><figure class=\"elementor-image-box-img\"><a href=\"https:\/\/www.bengangmachinery.com\/vi\/pharmaceutical-machine\/\" tabindex=\"-1\"><img loading=\"lazy\" decoding=\"async\" width=\"1024\" height=\"768\" src=\"https:\/\/www.bengangmachinery.com\/wp-content\/uploads\/2024\/04\/4-side-seal-packaging-machine.avif\" class=\"attachment-full size-full wp-image-2354\" alt=\"M\u00e1y \u0111\u00f3ng g\u00f3i con d\u1ea5u 4 m\u1eb7t t\u1ea1i Trung Qu\u1ed1c\" srcset=\"https:\/\/www.bengangmachinery.com\/wp-content\/uploads\/2024\/04\/4-side-seal-packaging-machine.avif 1024w, https:\/\/www.bengangmachinery.com\/wp-content\/uploads\/2024\/04\/4-side-seal-packaging-machine-300x225.avif 300w, https:\/\/www.bengangmachinery.com\/wp-content\/uploads\/2024\/04\/4-side-seal-packaging-machine-768x576.avif 768w, https:\/\/www.bengangmachinery.com\/wp-content\/uploads\/2024\/04\/4-side-seal-packaging-machine-16x12.avif 16w\" sizes=\"(max-width: 1024px) 100vw, 1024px\" \/><\/a><\/figure><div class=\"elementor-image-box-content\"><h5 class=\"elementor-image-box-title\"><a href=\"https:\/\/www.bengangmachinery.com\/vi\/pharmaceutical-machine\/\">M\u00e1y m\u00f3c d\u01b0\u1ee3c ph\u1ea9m<\/a><\/h5><p class=\"elementor-image-box-description\">M\u00e1y m\u00f3c d\u01b0\u1ee3c ph\u1ea9m l\u00e0 thi\u1ebft b\u1ecb \u0111\u01b0\u1ee3c s\u1eed d\u1ee5ng \u0111\u1eb7c bi\u1ec7t trong ng\u00e0nh d\u01b0\u1ee3c ph\u1ea9m, bao g\u1ed3m nh\u01b0ng kh\u00f4ng gi\u1edbi h\u1ea1n \u1edf m\u00e1y tr\u1ed9n, m\u00e1y t\u1ea1o h\u1ea1t, m\u00e1y \u00e9p vi\u00ean, m\u00e1y l\u00e0m \u0111\u1ea7y vi\u00ean nang, m\u00e1y \u0111\u00f3ng g\u00f3i, v.v. Nh\u1eefng m\u00e1y n\u00e0y \u0111\u01b0\u1ee3c s\u1eed d\u1ee5ng trong qu\u00e1 tr\u00ecnh s\u1ea3n xu\u1ea5t d\u01b0\u1ee3c ph\u1ea9m, t\u1eeb tr\u1ed9n nguy\u00ean li\u1ec7u th\u00f4, t\u1ea1o h\u1ea1t, t\u1ea1o khu\u00f4n \u0111\u1ebfn \u0111\u00f3ng g\u00f3i cu\u1ed1i c\u00f9ng. M\u00e1y m\u00f3c d\u01b0\u1ee3c ph\u1ea9m c\u1ea7n ph\u1ea3i \u0111\u00e1p \u1ee9ng c\u00e1c ti\u00eau chu\u1ea9n nghi\u00eam ng\u1eb7t v\u1ec1 an to\u00e0n v\u00e0 s\u1ee9c kh\u1ecfe \u0111\u1ec3 \u0111\u1ea3m b\u1ea3o ch\u1ea5t l\u01b0\u1ee3ng thu\u1ed1c v\u00e0 s\u1ef1 an to\u00e0n c\u1ee7a b\u1ec7nh nh\u00e2n.<\/p><\/div><\/div>\t\t\t\t<\/div>\n\t\t\t\t<\/div>\n\t\t\t\t\t<\/div>\n\t\t\t\t<\/div>\n\t\t\t\t\t<\/div>\n\t\t\t\t<\/div>\n\t\t\t\t\t<\/div>\n\t\t\t\t<\/div>\n\t\t\t\t<\/div>","protected":false},"excerpt":{"rendered":"<p>S\u1ea3n ph\u1ea9m D\u1ef1 \u00e1n c\u1ee7a ch\u00fang t\u00f4i Ngu\u1ed3n c\u1ea3m h\u1ee9ng cho d\u1ef1 \u00e1n ti\u1ebfp theo c\u1ee7a b\u1ea1n M\u00e1y h\u00e0n mi\u1ec7ng t\u00fai M\u00e1y h\u00e0n mi\u1ec7ng t\u00fai l\u00e0 thi\u1ebft b\u1ecb d\u00f9ng \u0111\u1ec3 h\u00e0n k\u00edn s\u1ea3n ph\u1ea9m nh\u1eb1m \u0111\u1ea3m b\u1ea3o t\u00ednh to\u00e0n v\u1eb9n v\u00e0 b\u1ea3o v\u1ec7 s\u1ea3n ph\u1ea9m b\u00ean trong. M\u00e1y \u0111\u01b0\u1ee3c s\u1eed d\u1ee5ng r\u1ed9ng r\u00e3i trong c\u00e1c ng\u00e0nh c\u00f4ng nghi\u1ec7p th\u1ef1c ph\u1ea9m, \u0111\u1ed3 u\u1ed1ng, d\u01b0\u1ee3c ph\u1ea9m, h\u00f3a ch\u1ea5t v\u00e0 c\u00e1c ng\u00e0nh c\u00f4ng nghi\u1ec7p kh\u00e1c. M\u00e1y h\u00e0n mi\u1ec7ng t\u00fai th\u01b0\u1eddng c\u00f3 th\u1ec3 x\u1eed l\u00fd nhi\u1ec1u lo\u1ea1i v\u1eadt li\u1ec7u kh\u00e1c nhau, ch\u1eb3ng h\u1ea1n nh\u01b0 nh\u1ef1a, kim lo\u1ea1i, th\u1ee7y tinh, [\u2026]<\/p>","protected":false},"author":2,"featured_media":0,"parent":0,"menu_order":0,"comment_status":"closed","ping_status":"closed","template":"","meta":{"_seopress_robots_primary_cat":"","_seopress_titles_title":"Product-- BG Machinery","_seopress_titles_desc":"Select Packaging Machine,Filling Machine,phamacy machine from our wide range on product at wholesale price and reliable quality.","_seopress_robots_index":"","site-sidebar-layout":"no-sidebar","site-content-layout":"page-builder","ast-site-content-layout":"default","site-content-style":"default","site-sidebar-style":"default","ast-global-header-display":"","ast-banner-title-visibility":"","ast-main-header-display":"","ast-hfb-above-header-display":"","ast-hfb-below-header-display":"","ast-hfb-mobile-header-display":"","site-post-title":"disabled","ast-breadcrumbs-content":"disabled","ast-featured-img":"disabled","footer-sml-layout":"","ast-disable-related-posts":"","theme-transparent-header-meta":"enabled","adv-header-id-meta":"","stick-header-meta":"","header-above-stick-meta":"","header-main-stick-meta":"","header-below-stick-meta":"","astra-migrate-meta-layouts":"default","ast-page-background-enabled":"default","ast-page-background-meta":{"desktop":{"background-color":"","background-image":"","background-repeat":"repeat","background-position":"center center","background-size":"auto","background-attachment":"scroll","background-type":"","background-media":"","overlay-type":"","overlay-color":"","overlay-opacity":"","overlay-gradient":""},"tablet":{"background-color":"","background-image":"","background-repeat":"repeat","background-position":"center center","background-size":"auto","background-attachment":"scroll","background-type":"","background-media":"","overlay-type":"","overlay-color":"","overlay-opacity":"","overlay-gradient":""},"mobile":{"background-color":"","background-image":"","background-repeat":"repeat","background-position":"center center","background-size":"auto","background-attachment":"scroll","background-type":"","background-media":"","overlay-type":"","overlay-color":"","overlay-opacity":"","overlay-gradient":""}},"ast-content-background-meta":{"desktop":{"background-color":"var(--ast-global-color-5)","background-image":"","background-repeat":"repeat","background-position":"center center","background-size":"auto","background-attachment":"scroll","background-type":"","background-media":"","overlay-type":"","overlay-color":"","overlay-opacity":"","overlay-gradient":""},"tablet":{"background-color":"var(--ast-global-color-5)","background-image":"","background-repeat":"repeat","background-position":"center center","background-size":"auto","background-attachment":"scroll","background-type":"","background-media":"","overlay-type":"","overlay-color":"","overlay-opacity":"","overlay-gradient":""},"mobile":{"background-color":"var(--ast-global-color-5)","background-image":"","background-repeat":"repeat","background-position":"center center","background-size":"auto","background-attachment":"scroll","background-type":"","background-media":"","overlay-type":"","overlay-color":"","overlay-opacity":"","overlay-gradient":""}},"footnotes":""},"class_list":["post-940","page","type-page","status-publish","hentry"],"_links":{"self":[{"href":"https:\/\/www.bengangmachinery.com\/vi\/wp-json\/wp\/v2\/pages\/940","targetHints":{"allow":["GET"]}}],"collection":[{"href":"https:\/\/www.bengangmachinery.com\/vi\/wp-json\/wp\/v2\/pages"}],"about":[{"href":"https:\/\/www.bengangmachinery.com\/vi\/wp-json\/wp\/v2\/types\/page"}],"author":[{"embeddable":true,"href":"https:\/\/www.bengangmachinery.com\/vi\/wp-json\/wp\/v2\/users\/2"}],"replies":[{"embeddable":true,"href":"https:\/\/www.bengangmachinery.com\/vi\/wp-json\/wp\/v2\/comments?post=940"}],"version-history":[{"count":43,"href":"https:\/\/www.bengangmachinery.com\/vi\/wp-json\/wp\/v2\/pages\/940\/revisions"}],"predecessor-version":[{"id":8568,"href":"https:\/\/www.bengangmachinery.com\/vi\/wp-json\/wp\/v2\/pages\/940\/revisions\/8568"}],"wp:attachment":[{"href":"https:\/\/www.bengangmachinery.com\/vi\/wp-json\/wp\/v2\/media?parent=940"}],"curies":[{"name":"wp","href":"https:\/\/api.w.org\/{rel}","templated":true}]}}